{"id":876,"date":"2026-04-06T20:33:49","date_gmt":"2026-04-07T00:33:49","guid":{"rendered":"https:\/\/iconbyyara.ca\/?post_type=product&#038;p=876"},"modified":"2026-04-12T15:33:04","modified_gmt":"2026-04-12T19:33:04","slug":"bracelet-eclat-dazur-perles-bleues-argentees-nacrees","status":"publish","type":"product","link":"https:\/\/iconbyyara.ca\/en\/product\/bracelet-eclat-dazur-perles-bleues-argentees-nacrees\/","title":{"rendered":"\u201c\u00c9clat d\u2019Azur\u201d Bracelet \u2013 Blue, Silver, and Pearlescent Beads"},"content":{"rendered":"<p>Le bracelet \u00c9clat d&rsquo;Azur est une v\u00e9ritable petite p\u00e9pite de style. Con\u00e7u avec un rythme alternant perles de rocaille bleues et \u00e9l\u00e9ments argent\u00e9s et perles blanches nacr\u00e9es,.<\/p>\n<p>Sa palette de couleurs \u00e9voque la fra\u00eecheur de l&rsquo;oc\u00e9an et la puret\u00e9, faisant de ce bracelet un accessoire aussi \u00e0 l&rsquo;aise lors d&rsquo;une c\u00e9r\u00e9monie que pour une sortie entre amies.<\/p>\n<h4>\u2728 Features<\/h4>\n<ul>\n<li>Style: A delicate, dainty multi-bead bracelet.<\/li>\n<li>Mati\u00e8res : Perles de rocaille bleues, perles synth\u00e9tiques nacr\u00e9es et perles d&rsquo;espacement argent\u00e9es.<\/li>\n<li>Design: Mounted on a high-quality elastic cord, offering flexibility and durability.<\/li>\n<\/ul>\n<p>Le bracelet \u00c9clat d&rsquo;Azur est le roi de la polyvalence :<\/p>\n<ul>\n<li>Party Outfit: Perfect with a white formal dress or a First Communion outfit.<\/li>\n<li>Nautical Look: Pairs perfectly with a striped shirt or denim clothing.<\/li>\n<li>Le petit plus : Son design fin permet de le porter seul pour un look discret, ou de l&rsquo;associer \u00e0 d&rsquo;autres joncs argent\u00e9s pour un effet de superposition tr\u00e8s mode.<\/li>\n<\/ul>\n<p>&nbsp;<\/p>","protected":false},"excerpt":{"rendered":"<p>Succumb to the elegance of the \u00c9clat d\u2019Azur bracelet! A delicate blend of royal blue pearls and silver accents, enhanced by pearlescent pearls for a chic and timeless look.<\/p>\n<p>Lightweight and stretchy, it\u2019s the perfect accessory for summer.<\/p>","protected":false},"featured_media":963,"comment_status":"open","ping_status":"closed","template":"","meta":[],"product_brand":[23],"product_cat":[19],"product_tag":[167,165,169,168,164,166],"class_list":{"0":"post-876","1":"product","2":"type-product","3":"status-publish","4":"has-post-thumbnail","6":"product_brand-icon","7":"product_cat-bracelet","8":"product_tag-accessoire-bleu-et-argent","9":"product_tag-bijou-perles-nacrees","10":"product_tag-bijoux-dete","11":"product_tag-bijoux-minimalistes","12":"product_tag-bracelet-bleu-roi","13":"product_tag-cadeau-anniversaire-fille","15":"first","16":"instock","17":"shipping-taxable","18":"purchasable","19":"product-type-simple"},"yoast_head":"<!-- This site is optimized with the Yoast SEO plugin v27.5 - https:\/\/yoast.com\/product\/yoast-seo-wordpress\/ -->\n<title>Bracelet &quot;\u00c9clat d&#039;Azur&quot; \u2013 Perles Bleues, Argent\u00e9es &amp; Nacr\u00e9es - Icon<\/title>\n<meta name=\"description\" content=\"D\u00e9couvrez le bracelet \u00c9clat d&#039;Azur pour l&#039;\u00e9t\u00e9. Un m\u00e9lange chic de bleu, d&#039;argent et de perles nacr\u00e9es. Id\u00e9al pour un cadeau ou une f\u00eate.\" \/>\n<meta name=\"robots\" content=\"index, follow, max-snippet:-1, max-image-preview:large, max-video-preview:-1\" \/>\n<link rel=\"canonical\" href=\"https:\/\/iconbyyara.ca\/en\/product\/bracelet-eclat-dazur-perles-bleues-argentees-nacrees\/\" \/>\n<meta property=\"og:locale\" content=\"en_US\" \/>\n<meta property=\"og:type\" content=\"article\" \/>\n<meta property=\"og:title\" content=\"Bracelet &quot;\u00c9clat d&#039;Azur&quot; \u2013 Perles Bleues, Argent\u00e9es &amp; Nacr\u00e9es\" \/>\n<meta property=\"og:description\" content=\"D\u00e9couvrez le bracelet \u00c9clat d&#039;Azur pour l&#039;\u00e9t\u00e9. Un m\u00e9lange chic de bleu, d&#039;argent et de perles nacr\u00e9es. Id\u00e9al pour un cadeau ou une f\u00eate.\" \/>\n<meta property=\"og:url\" content=\"https:\/\/iconbyyara.ca\/en\/product\/bracelet-eclat-dazur-perles-bleues-argentees-nacrees\/\" \/>\n<meta property=\"og:site_name\" content=\"Icon\" \/>\n<meta property=\"article:modified_time\" content=\"2026-04-12T19:33:04+00:00\" \/>\n<meta property=\"og:image\" content=\"https:\/\/iconbyyara.ca\/wp-content\/uploads\/2026\/04\/Bracelet_Perles-Bleues_BRA-00031_01.jpg\" \/>\n\t<meta property=\"og:image:width\" content=\"1200\" \/>\n\t<meta property=\"og:image:height\" content=\"1200\" \/>\n\t<meta property=\"og:image:type\" content=\"image\/jpeg\" \/>\n<meta name=\"twitter:card\" content=\"summary_large_image\" \/>\n<meta name=\"twitter:title\" content=\"Bracelet &quot;\u00c9clat d&#039;Azur&quot; \u2013 Perles Bleues, Argent\u00e9es &amp; Nacr\u00e9es\" \/>\n<meta name=\"twitter:description\" content=\"D\u00e9couvrez le bracelet \u00c9clat d&#039;Azur pour l&#039;\u00e9t\u00e9. Un m\u00e9lange chic de bleu, d&#039;argent et de perles nacr\u00e9es. Id\u00e9al pour un cadeau ou une f\u00eate.\" \/>\n<meta name=\"twitter:image\" content=\"https:\/\/iconbyyara.ca\/wp-content\/uploads\/2026\/04\/Bracelet_Perles-Bleues_BRA-00031_01.jpg\" \/>\n<meta name=\"twitter:label1\" content=\"Est. reading time\" \/>\n\t<meta name=\"twitter:data1\" content=\"2 minutes\" \/>\n<script type=\"application\/ld+json\" class=\"yoast-schema-graph\">{\"@context\":\"https:\\\/\\\/schema.org\",\"@graph\":[{\"@type\":\"WebPage\",\"@id\":\"https:\\\/\\\/iconbyyara.ca\\\/produit\\\/bracelet-eclat-dazur-perles-bleues-argentees-nacrees\\\/\",\"url\":\"https:\\\/\\\/iconbyyara.ca\\\/produit\\\/bracelet-eclat-dazur-perles-bleues-argentees-nacrees\\\/\",\"name\":\"Bracelet \\\"\u00c9clat d'Azur\\\" \u2013 Perles Bleues, Argent\u00e9es &amp; Nacr\u00e9es - Icon\",\"isPartOf\":{\"@id\":\"https:\\\/\\\/iconbyyara.ca\\\/#website\"},\"primaryImageOfPage\":{\"@id\":\"https:\\\/\\\/iconbyyara.ca\\\/produit\\\/bracelet-eclat-dazur-perles-bleues-argentees-nacrees\\\/#primaryimage\"},\"image\":{\"@id\":\"https:\\\/\\\/iconbyyara.ca\\\/produit\\\/bracelet-eclat-dazur-perles-bleues-argentees-nacrees\\\/#primaryimage\"},\"thumbnailUrl\":\"https:\\\/\\\/iconbyyara.ca\\\/wp-content\\\/uploads\\\/2026\\\/04\\\/Bracelet_Perles-Bleues_BRA-00031_01.jpg\",\"datePublished\":\"2026-04-07T00:33:49+00:00\",\"dateModified\":\"2026-04-12T19:33:04+00:00\",\"description\":\"D\u00e9couvrez le bracelet \u00c9clat d'Azur pour l'\u00e9t\u00e9. Un m\u00e9lange chic de bleu, d'argent et de perles nacr\u00e9es. Id\u00e9al pour un cadeau ou une f\u00eate.\",\"breadcrumb\":{\"@id\":\"https:\\\/\\\/iconbyyara.ca\\\/produit\\\/bracelet-eclat-dazur-perles-bleues-argentees-nacrees\\\/#breadcrumb\"},\"inLanguage\":\"en-CA\",\"potentialAction\":[{\"@type\":\"ReadAction\",\"target\":[\"https:\\\/\\\/iconbyyara.ca\\\/produit\\\/bracelet-eclat-dazur-perles-bleues-argentees-nacrees\\\/\"]}]},{\"@type\":\"ImageObject\",\"inLanguage\":\"en-CA\",\"@id\":\"https:\\\/\\\/iconbyyara.ca\\\/produit\\\/bracelet-eclat-dazur-perles-bleues-argentees-nacrees\\\/#primaryimage\",\"url\":\"https:\\\/\\\/iconbyyara.ca\\\/wp-content\\\/uploads\\\/2026\\\/04\\\/Bracelet_Perles-Bleues_BRA-00031_01.jpg\",\"contentUrl\":\"https:\\\/\\\/iconbyyara.ca\\\/wp-content\\\/uploads\\\/2026\\\/04\\\/Bracelet_Perles-Bleues_BRA-00031_01.jpg\",\"width\":1200,\"height\":1200,\"caption\":\"Bracelet - Bijoux Fantaisie - Icon By Yara\"},{\"@type\":\"BreadcrumbList\",\"@id\":\"https:\\\/\\\/iconbyyara.ca\\\/produit\\\/bracelet-eclat-dazur-perles-bleues-argentees-nacrees\\\/#breadcrumb\",\"itemListElement\":[{\"@type\":\"ListItem\",\"position\":1,\"name\":\"Accueil\",\"item\":\"https:\\\/\\\/iconbyyara.ca\\\/\"},{\"@type\":\"ListItem\",\"position\":2,\"name\":\"Boutique\",\"item\":\"https:\\\/\\\/iconbyyara.ca\\\/boutique\\\/\"},{\"@type\":\"ListItem\",\"position\":3,\"name\":\"Bracelet \u00ab\u00a0\u00c9clat d&rsquo;Azur\u00a0\u00bb \u2013 Perles Bleues, Argent\u00e9es &amp; Nacr\u00e9es\"}]},{\"@type\":\"WebSite\",\"@id\":\"https:\\\/\\\/iconbyyara.ca\\\/#website\",\"url\":\"https:\\\/\\\/iconbyyara.ca\\\/\",\"name\":\"Icon By Yara\",\"description\":\"Bijoux pour ensoleiller votre journ\u00e9e\",\"publisher\":{\"@id\":\"https:\\\/\\\/iconbyyara.ca\\\/#\\\/schema\\\/person\\\/005e538d9999d417a1a584cb4cf135d2\"},\"potentialAction\":[{\"@type\":\"SearchAction\",\"target\":{\"@type\":\"EntryPoint\",\"urlTemplate\":\"https:\\\/\\\/iconbyyara.ca\\\/?s={search_term_string}\"},\"query-input\":{\"@type\":\"PropertyValueSpecification\",\"valueRequired\":true,\"valueName\":\"search_term_string\"}}],\"inLanguage\":\"en-CA\"},{\"@type\":[\"Person\",\"Organization\"],\"@id\":\"https:\\\/\\\/iconbyyara.ca\\\/#\\\/schema\\\/person\\\/005e538d9999d417a1a584cb4cf135d2\",\"name\":\"Yara\",\"image\":{\"@type\":\"ImageObject\",\"inLanguage\":\"en-CA\",\"@id\":\"https:\\\/\\\/iconbyyara.ca\\\/wp-content\\\/uploads\\\/2026\\\/01\\\/Logo-ICON-rectangle-300.png\",\"url\":\"https:\\\/\\\/iconbyyara.ca\\\/wp-content\\\/uploads\\\/2026\\\/01\\\/Logo-ICON-rectangle-300.png\",\"contentUrl\":\"https:\\\/\\\/iconbyyara.ca\\\/wp-content\\\/uploads\\\/2026\\\/01\\\/Logo-ICON-rectangle-300.png\",\"width\":300,\"height\":91,\"caption\":\"Yara\"},\"logo\":{\"@id\":\"https:\\\/\\\/iconbyyara.ca\\\/wp-content\\\/uploads\\\/2026\\\/01\\\/Logo-ICON-rectangle-300.png\"}}]}<\/script>\n<!-- \/ Yoast SEO plugin. -->","yoast_head_json":{"title":"Bracelet \"\u00c9clat d'Azur\" \u2013 Perles Bleues, Argent\u00e9es &amp; Nacr\u00e9es - Icon","description":"D\u00e9couvrez le bracelet \u00c9clat d'Azur pour l'\u00e9t\u00e9. Un m\u00e9lange chic de bleu, d'argent et de perles nacr\u00e9es. Id\u00e9al pour un cadeau ou une f\u00eate.","robots":{"index":"index","follow":"follow","max-snippet":"max-snippet:-1","max-image-preview":"max-image-preview:large","max-video-preview":"max-video-preview:-1"},"canonical":"https:\/\/iconbyyara.ca\/en\/product\/bracelet-eclat-dazur-perles-bleues-argentees-nacrees\/","og_locale":"en_US","og_type":"article","og_title":"Bracelet \"\u00c9clat d'Azur\" \u2013 Perles Bleues, Argent\u00e9es & Nacr\u00e9es","og_description":"D\u00e9couvrez le bracelet \u00c9clat d'Azur pour l'\u00e9t\u00e9. Un m\u00e9lange chic de bleu, d'argent et de perles nacr\u00e9es. Id\u00e9al pour un cadeau ou une f\u00eate.","og_url":"https:\/\/iconbyyara.ca\/en\/product\/bracelet-eclat-dazur-perles-bleues-argentees-nacrees\/","og_site_name":"Icon","article_modified_time":"2026-04-12T19:33:04+00:00","og_image":[{"width":1200,"height":1200,"url":"https:\/\/iconbyyara.ca\/wp-content\/uploads\/2026\/04\/Bracelet_Perles-Bleues_BRA-00031_01.jpg","type":"image\/jpeg"}],"twitter_card":"summary_large_image","twitter_title":"Bracelet \"\u00c9clat d'Azur\" \u2013 Perles Bleues, Argent\u00e9es & Nacr\u00e9es","twitter_description":"D\u00e9couvrez le bracelet \u00c9clat d'Azur pour l'\u00e9t\u00e9. Un m\u00e9lange chic de bleu, d'argent et de perles nacr\u00e9es. Id\u00e9al pour un cadeau ou une f\u00eate.","twitter_image":"https:\/\/iconbyyara.ca\/wp-content\/uploads\/2026\/04\/Bracelet_Perles-Bleues_BRA-00031_01.jpg","twitter_misc":{"Est. reading time":"2 minutes"},"schema":{"@context":"https:\/\/schema.org","@graph":[{"@type":"WebPage","@id":"https:\/\/iconbyyara.ca\/produit\/bracelet-eclat-dazur-perles-bleues-argentees-nacrees\/","url":"https:\/\/iconbyyara.ca\/produit\/bracelet-eclat-dazur-perles-bleues-argentees-nacrees\/","name":"Bracelet \"\u00c9clat d'Azur\" \u2013 Perles Bleues, Argent\u00e9es &amp; Nacr\u00e9es - Icon","isPartOf":{"@id":"https:\/\/iconbyyara.ca\/#website"},"primaryImageOfPage":{"@id":"https:\/\/iconbyyara.ca\/produit\/bracelet-eclat-dazur-perles-bleues-argentees-nacrees\/#primaryimage"},"image":{"@id":"https:\/\/iconbyyara.ca\/produit\/bracelet-eclat-dazur-perles-bleues-argentees-nacrees\/#primaryimage"},"thumbnailUrl":"https:\/\/iconbyyara.ca\/wp-content\/uploads\/2026\/04\/Bracelet_Perles-Bleues_BRA-00031_01.jpg","datePublished":"2026-04-07T00:33:49+00:00","dateModified":"2026-04-12T19:33:04+00:00","description":"D\u00e9couvrez le bracelet \u00c9clat d'Azur pour l'\u00e9t\u00e9. Un m\u00e9lange chic de bleu, d'argent et de perles nacr\u00e9es. Id\u00e9al pour un cadeau ou une f\u00eate.","breadcrumb":{"@id":"https:\/\/iconbyyara.ca\/produit\/bracelet-eclat-dazur-perles-bleues-argentees-nacrees\/#breadcrumb"},"inLanguage":"en-CA","potentialAction":[{"@type":"ReadAction","target":["https:\/\/iconbyyara.ca\/produit\/bracelet-eclat-dazur-perles-bleues-argentees-nacrees\/"]}]},{"@type":"ImageObject","inLanguage":"en-CA","@id":"https:\/\/iconbyyara.ca\/produit\/bracelet-eclat-dazur-perles-bleues-argentees-nacrees\/#primaryimage","url":"https:\/\/iconbyyara.ca\/wp-content\/uploads\/2026\/04\/Bracelet_Perles-Bleues_BRA-00031_01.jpg","contentUrl":"https:\/\/iconbyyara.ca\/wp-content\/uploads\/2026\/04\/Bracelet_Perles-Bleues_BRA-00031_01.jpg","width":1200,"height":1200,"caption":"Bracelet - Bijoux Fantaisie - Icon By Yara"},{"@type":"BreadcrumbList","@id":"https:\/\/iconbyyara.ca\/produit\/bracelet-eclat-dazur-perles-bleues-argentees-nacrees\/#breadcrumb","itemListElement":[{"@type":"ListItem","position":1,"name":"Accueil","item":"https:\/\/iconbyyara.ca\/"},{"@type":"ListItem","position":2,"name":"Boutique","item":"https:\/\/iconbyyara.ca\/boutique\/"},{"@type":"ListItem","position":3,"name":"Bracelet \u00ab\u00a0\u00c9clat d&rsquo;Azur\u00a0\u00bb \u2013 Perles Bleues, Argent\u00e9es &amp; Nacr\u00e9es"}]},{"@type":"WebSite","@id":"https:\/\/iconbyyara.ca\/#website","url":"https:\/\/iconbyyara.ca\/","name":"Icon By Yara","description":"Bijoux pour ensoleiller votre journ\u00e9e","publisher":{"@id":"https:\/\/iconbyyara.ca\/#\/schema\/person\/005e538d9999d417a1a584cb4cf135d2"},"potentialAction":[{"@type":"SearchAction","target":{"@type":"EntryPoint","urlTemplate":"https:\/\/iconbyyara.ca\/?s={search_term_string}"},"query-input":{"@type":"PropertyValueSpecification","valueRequired":true,"valueName":"search_term_string"}}],"inLanguage":"en-CA"},{"@type":["Person","Organization"],"@id":"https:\/\/iconbyyara.ca\/#\/schema\/person\/005e538d9999d417a1a584cb4cf135d2","name":"Yara","image":{"@type":"ImageObject","inLanguage":"en-CA","@id":"https:\/\/iconbyyara.ca\/wp-content\/uploads\/2026\/01\/Logo-ICON-rectangle-300.png","url":"https:\/\/iconbyyara.ca\/wp-content\/uploads\/2026\/01\/Logo-ICON-rectangle-300.png","contentUrl":"https:\/\/iconbyyara.ca\/wp-content\/uploads\/2026\/01\/Logo-ICON-rectangle-300.png","width":300,"height":91,"caption":"Yara"},"logo":{"@id":"https:\/\/iconbyyara.ca\/wp-content\/uploads\/2026\/01\/Logo-ICON-rectangle-300.png"}}]}},"_links":{"self":[{"href":"https:\/\/iconbyyara.ca\/en\/wp-json\/wp\/v2\/product\/876","targetHints":{"allow":["GET"]}}],"collection":[{"href":"https:\/\/iconbyyara.ca\/en\/wp-json\/wp\/v2\/product"}],"about":[{"href":"https:\/\/iconbyyara.ca\/en\/wp-json\/wp\/v2\/types\/product"}],"replies":[{"embeddable":true,"href":"https:\/\/iconbyyara.ca\/en\/wp-json\/wp\/v2\/comments?post=876"}],"wp:featuredmedia":[{"embeddable":true,"href":"https:\/\/iconbyyara.ca\/en\/wp-json\/wp\/v2\/media\/963"}],"wp:attachment":[{"href":"https:\/\/iconbyyara.ca\/en\/wp-json\/wp\/v2\/media?parent=876"}],"wp:term":[{"taxonomy":"product_brand","embeddable":true,"href":"https:\/\/iconbyyara.ca\/en\/wp-json\/wp\/v2\/product_brand?post=876"},{"taxonomy":"product_cat","embeddable":true,"href":"https:\/\/iconbyyara.ca\/en\/wp-json\/wp\/v2\/product_cat?post=876"},{"taxonomy":"product_tag","embeddable":true,"href":"https:\/\/iconbyyara.ca\/en\/wp-json\/wp\/v2\/product_tag?post=876"}],"curies":[{"name":"wp","href":"https:\/\/api.w.org\/{rel}","templated":true}]}}