{"id":874,"date":"2026-04-06T20:14:38","date_gmt":"2026-04-07T00:14:38","guid":{"rendered":"https:\/\/iconbyyara.ca\/?post_type=product&#038;p=874"},"modified":"2026-04-12T15:21:45","modified_gmt":"2026-04-12T19:21:45","slug":"bracelet-t-shirt-coeur-perles-acidulees-et-t-shirt-coeur","status":"publish","type":"product","link":"https:\/\/iconbyyara.ca\/en\/product\/bracelet-t-shirt-coeur-perles-acidulees-et-t-shirt-coeur\/","title":{"rendered":"\u201cHeart T-Shirt\u201d Bracelet \u2013 Tart Beads and Heart T-Shirt"},"content":{"rendered":"<p>Apporte une touche d&rsquo;originalit\u00e9 et de tendresse \u00e0 ton poignet avec le bracelet \u00ab\u00a0Love Tee\u00a0\u00bb. Ce bijou ludique se compose d&rsquo;une alternance de perles de rocaille aux teintes vives : rouge cerise, orange tangerine et rose bonbon. Son pendentif unique en forme de petit t-shirt blanc, orn\u00e9 d&rsquo;un c\u0153ur rouge \u00e9maill\u00e9, en fait une pi\u00e8ce \u00ab\u00a0coup de c\u0153ur\u00a0\u00bb qui ne passera pas inaper\u00e7ue.<\/p>\n<p>Perfect for those who love bold, edgy styles, this bracelet is a true symbol of happiness to wear every day.<\/p>\n<h3>\u2728 Features<\/h3>\n<ul>\n<li>Type: Delicate, ultra-lightweight pearl bracelet<\/li>\n<li>Colors: Red, orange, pink, and pearly white<\/li>\n<li>Materials: Seed beads and gold spacer beads<\/li>\n<li>Charm: White enamel T-shirt with a red heart in the center and a gold outline<\/li>\n<\/ul>\n<p>This bracelet is the perfect accessory for your favorite outfits:<\/p>\n<ul>\n<li>Pop Look: It instantly adds a pop of color to a basic T-shirt or denim jacket.<\/li>\n<li>Le Mix Fun : Porte-le en accumulation avec d&rsquo;autres bracelets color\u00e9s ou des joncs dor\u00e9s pour un style \u00ab\u00a0stacking\u00a0\u00bb .<\/li>\n<li>The Perfect Gift: Its universal symbolism of the heart makes it the perfect gift for a friend or to express your affection.<\/li>\n<\/ul>\n<p>&nbsp;<\/p>","protected":false},"excerpt":{"rendered":"<p>Show off your style with this vibrant \u201cLove Tee\u201d bracelet, featuring sweet beads and a T-shirt charm with an irresistible red heart \ud83c\udf6d\u2764\ufe0f<\/p>\n<p>A fun accessory to show off your love of fashion and your zest for life!<\/p>","protected":false},"featured_media":958,"comment_status":"open","ping_status":"closed","template":"","meta":[],"product_brand":[23],"product_cat":[19],"product_tag":[151,158,157,134,148,152,88,159,150],"class_list":{"0":"post-874","1":"product","2":"type-product","3":"status-publish","4":"has-post-thumbnail","6":"product_brand-icon","7":"product_cat-bracelet","8":"product_tag-accessoire-pop","9":"product_tag-bijou-emaille","10":"product_tag-bijou-t-shirt","11":"product_tag-bijoux-ete","12":"product_tag-bracelet-coeur","13":"product_tag-bracelet-rouge-et-rose","14":"product_tag-cadeau-fille","15":"product_tag-mode-tendance","16":"product_tag-perles-de-rocaille","18":"first","19":"instock","20":"shipping-taxable","21":"purchasable","22":"product-type-simple"},"yoast_head":"<!-- This site is optimized with the Yoast SEO plugin v27.5 - https:\/\/yoast.com\/product\/yoast-seo-wordpress\/ -->\n<title>Bracelet &quot;T-shirt C\u0153ur&quot; \u2013 Perles Acidul\u00e9es et T-shirt C\u0153ur - Icon<\/title>\n<meta name=\"description\" content=\"D\u00e9couvrez le bracelet Love Tee. Un m\u00e9lange vibrant de perles rouges, orange et roses avec un pendentif t-shirt c\u0153ur.\" \/>\n<meta name=\"robots\" content=\"index, follow, max-snippet:-1, max-image-preview:large, max-video-preview:-1\" \/>\n<link rel=\"canonical\" href=\"https:\/\/iconbyyara.ca\/en\/product\/bracelet-t-shirt-coeur-perles-acidulees-et-t-shirt-coeur\/\" \/>\n<meta property=\"og:locale\" content=\"en_US\" \/>\n<meta property=\"og:type\" content=\"article\" \/>\n<meta property=\"og:title\" content=\"Bracelet &quot;T-shirt C\u0153ur&quot; \u2013 Perles Acidul\u00e9es et T-shirt C\u0153ur\" \/>\n<meta property=\"og:description\" content=\"D\u00e9couvrez le bracelet Love Tee. Un m\u00e9lange vibrant de perles rouges, orange et roses avec un pendentif t-shirt c\u0153ur.\" \/>\n<meta property=\"og:url\" content=\"https:\/\/iconbyyara.ca\/en\/product\/bracelet-t-shirt-coeur-perles-acidulees-et-t-shirt-coeur\/\" \/>\n<meta property=\"og:site_name\" content=\"Icon\" \/>\n<meta property=\"article:modified_time\" content=\"2026-04-12T19:21:45+00:00\" \/>\n<meta property=\"og:image\" content=\"https:\/\/iconbyyara.ca\/wp-content\/uploads\/2026\/04\/Bracelet_TShirt-Coeur_BRA-00029_01.jpg\" \/>\n\t<meta property=\"og:image:width\" content=\"1200\" \/>\n\t<meta property=\"og:image:height\" content=\"1200\" \/>\n\t<meta property=\"og:image:type\" content=\"image\/jpeg\" \/>\n<meta name=\"twitter:card\" content=\"summary_large_image\" \/>\n<meta name=\"twitter:title\" content=\"Bracelet &quot;T-shirt C\u0153ur&quot; \u2013 Perles Acidul\u00e9es et T-shirt C\u0153ur\" \/>\n<meta name=\"twitter:description\" content=\"D\u00e9couvrez le bracelet Love Tee. Un m\u00e9lange vibrant de perles rouges, orange et roses avec un pendentif t-shirt c\u0153ur.\" \/>\n<meta name=\"twitter:image\" content=\"https:\/\/iconbyyara.ca\/wp-content\/uploads\/2026\/04\/Bracelet_TShirt-Coeur_BRA-00029_01.jpg\" \/>\n<meta name=\"twitter:label1\" content=\"Est. reading time\" \/>\n\t<meta name=\"twitter:data1\" content=\"2 minutes\" \/>\n<script type=\"application\/ld+json\" class=\"yoast-schema-graph\">{\"@context\":\"https:\\\/\\\/schema.org\",\"@graph\":[{\"@type\":\"WebPage\",\"@id\":\"https:\\\/\\\/iconbyyara.ca\\\/produit\\\/bracelet-t-shirt-coeur-perles-acidulees-et-t-shirt-coeur\\\/\",\"url\":\"https:\\\/\\\/iconbyyara.ca\\\/produit\\\/bracelet-t-shirt-coeur-perles-acidulees-et-t-shirt-coeur\\\/\",\"name\":\"Bracelet \\\"T-shirt C\u0153ur\\\" \u2013 Perles Acidul\u00e9es et T-shirt C\u0153ur - Icon\",\"isPartOf\":{\"@id\":\"https:\\\/\\\/iconbyyara.ca\\\/#website\"},\"primaryImageOfPage\":{\"@id\":\"https:\\\/\\\/iconbyyara.ca\\\/produit\\\/bracelet-t-shirt-coeur-perles-acidulees-et-t-shirt-coeur\\\/#primaryimage\"},\"image\":{\"@id\":\"https:\\\/\\\/iconbyyara.ca\\\/produit\\\/bracelet-t-shirt-coeur-perles-acidulees-et-t-shirt-coeur\\\/#primaryimage\"},\"thumbnailUrl\":\"https:\\\/\\\/iconbyyara.ca\\\/wp-content\\\/uploads\\\/2026\\\/04\\\/Bracelet_TShirt-Coeur_BRA-00029_01.jpg\",\"datePublished\":\"2026-04-07T00:14:38+00:00\",\"dateModified\":\"2026-04-12T19:21:45+00:00\",\"description\":\"D\u00e9couvrez le bracelet Love Tee. Un m\u00e9lange vibrant de perles rouges, orange et roses avec un pendentif t-shirt c\u0153ur.\",\"breadcrumb\":{\"@id\":\"https:\\\/\\\/iconbyyara.ca\\\/produit\\\/bracelet-t-shirt-coeur-perles-acidulees-et-t-shirt-coeur\\\/#breadcrumb\"},\"inLanguage\":\"en-CA\",\"potentialAction\":[{\"@type\":\"ReadAction\",\"target\":[\"https:\\\/\\\/iconbyyara.ca\\\/produit\\\/bracelet-t-shirt-coeur-perles-acidulees-et-t-shirt-coeur\\\/\"]}]},{\"@type\":\"ImageObject\",\"inLanguage\":\"en-CA\",\"@id\":\"https:\\\/\\\/iconbyyara.ca\\\/produit\\\/bracelet-t-shirt-coeur-perles-acidulees-et-t-shirt-coeur\\\/#primaryimage\",\"url\":\"https:\\\/\\\/iconbyyara.ca\\\/wp-content\\\/uploads\\\/2026\\\/04\\\/Bracelet_TShirt-Coeur_BRA-00029_01.jpg\",\"contentUrl\":\"https:\\\/\\\/iconbyyara.ca\\\/wp-content\\\/uploads\\\/2026\\\/04\\\/Bracelet_TShirt-Coeur_BRA-00029_01.jpg\",\"width\":1200,\"height\":1200,\"caption\":\"Bracelet - Bijoux Fantaisie - Icon By Yara\"},{\"@type\":\"BreadcrumbList\",\"@id\":\"https:\\\/\\\/iconbyyara.ca\\\/produit\\\/bracelet-t-shirt-coeur-perles-acidulees-et-t-shirt-coeur\\\/#breadcrumb\",\"itemListElement\":[{\"@type\":\"ListItem\",\"position\":1,\"name\":\"Accueil\",\"item\":\"https:\\\/\\\/iconbyyara.ca\\\/\"},{\"@type\":\"ListItem\",\"position\":2,\"name\":\"Boutique\",\"item\":\"https:\\\/\\\/iconbyyara.ca\\\/boutique\\\/\"},{\"@type\":\"ListItem\",\"position\":3,\"name\":\"Bracelet \u00ab\u00a0T-shirt C\u0153ur\u00a0\u00bb \u2013 Perles Acidul\u00e9es et T-shirt C\u0153ur\"}]},{\"@type\":\"WebSite\",\"@id\":\"https:\\\/\\\/iconbyyara.ca\\\/#website\",\"url\":\"https:\\\/\\\/iconbyyara.ca\\\/\",\"name\":\"Icon By Yara\",\"description\":\"Bijoux pour ensoleiller votre journ\u00e9e\",\"publisher\":{\"@id\":\"https:\\\/\\\/iconbyyara.ca\\\/#\\\/schema\\\/person\\\/005e538d9999d417a1a584cb4cf135d2\"},\"potentialAction\":[{\"@type\":\"SearchAction\",\"target\":{\"@type\":\"EntryPoint\",\"urlTemplate\":\"https:\\\/\\\/iconbyyara.ca\\\/?s={search_term_string}\"},\"query-input\":{\"@type\":\"PropertyValueSpecification\",\"valueRequired\":true,\"valueName\":\"search_term_string\"}}],\"inLanguage\":\"en-CA\"},{\"@type\":[\"Person\",\"Organization\"],\"@id\":\"https:\\\/\\\/iconbyyara.ca\\\/#\\\/schema\\\/person\\\/005e538d9999d417a1a584cb4cf135d2\",\"name\":\"Yara\",\"image\":{\"@type\":\"ImageObject\",\"inLanguage\":\"en-CA\",\"@id\":\"https:\\\/\\\/iconbyyara.ca\\\/wp-content\\\/uploads\\\/2026\\\/01\\\/Logo-ICON-rectangle-300.png\",\"url\":\"https:\\\/\\\/iconbyyara.ca\\\/wp-content\\\/uploads\\\/2026\\\/01\\\/Logo-ICON-rectangle-300.png\",\"contentUrl\":\"https:\\\/\\\/iconbyyara.ca\\\/wp-content\\\/uploads\\\/2026\\\/01\\\/Logo-ICON-rectangle-300.png\",\"width\":300,\"height\":91,\"caption\":\"Yara\"},\"logo\":{\"@id\":\"https:\\\/\\\/iconbyyara.ca\\\/wp-content\\\/uploads\\\/2026\\\/01\\\/Logo-ICON-rectangle-300.png\"}}]}<\/script>\n<!-- \/ Yoast SEO plugin. -->","yoast_head_json":{"title":"Bracelet \"T-shirt C\u0153ur\" \u2013 Perles Acidul\u00e9es et T-shirt C\u0153ur - Icon","description":"D\u00e9couvrez le bracelet Love Tee. Un m\u00e9lange vibrant de perles rouges, orange et roses avec un pendentif t-shirt c\u0153ur.","robots":{"index":"index","follow":"follow","max-snippet":"max-snippet:-1","max-image-preview":"max-image-preview:large","max-video-preview":"max-video-preview:-1"},"canonical":"https:\/\/iconbyyara.ca\/en\/product\/bracelet-t-shirt-coeur-perles-acidulees-et-t-shirt-coeur\/","og_locale":"en_US","og_type":"article","og_title":"Bracelet \"T-shirt C\u0153ur\" \u2013 Perles Acidul\u00e9es et T-shirt C\u0153ur","og_description":"D\u00e9couvrez le bracelet Love Tee. Un m\u00e9lange vibrant de perles rouges, orange et roses avec un pendentif t-shirt c\u0153ur.","og_url":"https:\/\/iconbyyara.ca\/en\/product\/bracelet-t-shirt-coeur-perles-acidulees-et-t-shirt-coeur\/","og_site_name":"Icon","article_modified_time":"2026-04-12T19:21:45+00:00","og_image":[{"width":1200,"height":1200,"url":"https:\/\/iconbyyara.ca\/wp-content\/uploads\/2026\/04\/Bracelet_TShirt-Coeur_BRA-00029_01.jpg","type":"image\/jpeg"}],"twitter_card":"summary_large_image","twitter_title":"Bracelet \"T-shirt C\u0153ur\" \u2013 Perles Acidul\u00e9es et T-shirt C\u0153ur","twitter_description":"D\u00e9couvrez le bracelet Love Tee. Un m\u00e9lange vibrant de perles rouges, orange et roses avec un pendentif t-shirt c\u0153ur.","twitter_image":"https:\/\/iconbyyara.ca\/wp-content\/uploads\/2026\/04\/Bracelet_TShirt-Coeur_BRA-00029_01.jpg","twitter_misc":{"Est. reading time":"2 minutes"},"schema":{"@context":"https:\/\/schema.org","@graph":[{"@type":"WebPage","@id":"https:\/\/iconbyyara.ca\/produit\/bracelet-t-shirt-coeur-perles-acidulees-et-t-shirt-coeur\/","url":"https:\/\/iconbyyara.ca\/produit\/bracelet-t-shirt-coeur-perles-acidulees-et-t-shirt-coeur\/","name":"Bracelet \"T-shirt C\u0153ur\" \u2013 Perles Acidul\u00e9es et T-shirt C\u0153ur - Icon","isPartOf":{"@id":"https:\/\/iconbyyara.ca\/#website"},"primaryImageOfPage":{"@id":"https:\/\/iconbyyara.ca\/produit\/bracelet-t-shirt-coeur-perles-acidulees-et-t-shirt-coeur\/#primaryimage"},"image":{"@id":"https:\/\/iconbyyara.ca\/produit\/bracelet-t-shirt-coeur-perles-acidulees-et-t-shirt-coeur\/#primaryimage"},"thumbnailUrl":"https:\/\/iconbyyara.ca\/wp-content\/uploads\/2026\/04\/Bracelet_TShirt-Coeur_BRA-00029_01.jpg","datePublished":"2026-04-07T00:14:38+00:00","dateModified":"2026-04-12T19:21:45+00:00","description":"D\u00e9couvrez le bracelet Love Tee. Un m\u00e9lange vibrant de perles rouges, orange et roses avec un pendentif t-shirt c\u0153ur.","breadcrumb":{"@id":"https:\/\/iconbyyara.ca\/produit\/bracelet-t-shirt-coeur-perles-acidulees-et-t-shirt-coeur\/#breadcrumb"},"inLanguage":"en-CA","potentialAction":[{"@type":"ReadAction","target":["https:\/\/iconbyyara.ca\/produit\/bracelet-t-shirt-coeur-perles-acidulees-et-t-shirt-coeur\/"]}]},{"@type":"ImageObject","inLanguage":"en-CA","@id":"https:\/\/iconbyyara.ca\/produit\/bracelet-t-shirt-coeur-perles-acidulees-et-t-shirt-coeur\/#primaryimage","url":"https:\/\/iconbyyara.ca\/wp-content\/uploads\/2026\/04\/Bracelet_TShirt-Coeur_BRA-00029_01.jpg","contentUrl":"https:\/\/iconbyyara.ca\/wp-content\/uploads\/2026\/04\/Bracelet_TShirt-Coeur_BRA-00029_01.jpg","width":1200,"height":1200,"caption":"Bracelet - Bijoux Fantaisie - Icon By Yara"},{"@type":"BreadcrumbList","@id":"https:\/\/iconbyyara.ca\/produit\/bracelet-t-shirt-coeur-perles-acidulees-et-t-shirt-coeur\/#breadcrumb","itemListElement":[{"@type":"ListItem","position":1,"name":"Accueil","item":"https:\/\/iconbyyara.ca\/"},{"@type":"ListItem","position":2,"name":"Boutique","item":"https:\/\/iconbyyara.ca\/boutique\/"},{"@type":"ListItem","position":3,"name":"Bracelet \u00ab\u00a0T-shirt C\u0153ur\u00a0\u00bb \u2013 Perles Acidul\u00e9es et T-shirt C\u0153ur"}]},{"@type":"WebSite","@id":"https:\/\/iconbyyara.ca\/#website","url":"https:\/\/iconbyyara.ca\/","name":"Icon By Yara","description":"Bijoux pour ensoleiller votre journ\u00e9e","publisher":{"@id":"https:\/\/iconbyyara.ca\/#\/schema\/person\/005e538d9999d417a1a584cb4cf135d2"},"potentialAction":[{"@type":"SearchAction","target":{"@type":"EntryPoint","urlTemplate":"https:\/\/iconbyyara.ca\/?s={search_term_string}"},"query-input":{"@type":"PropertyValueSpecification","valueRequired":true,"valueName":"search_term_string"}}],"inLanguage":"en-CA"},{"@type":["Person","Organization"],"@id":"https:\/\/iconbyyara.ca\/#\/schema\/person\/005e538d9999d417a1a584cb4cf135d2","name":"Yara","image":{"@type":"ImageObject","inLanguage":"en-CA","@id":"https:\/\/iconbyyara.ca\/wp-content\/uploads\/2026\/01\/Logo-ICON-rectangle-300.png","url":"https:\/\/iconbyyara.ca\/wp-content\/uploads\/2026\/01\/Logo-ICON-rectangle-300.png","contentUrl":"https:\/\/iconbyyara.ca\/wp-content\/uploads\/2026\/01\/Logo-ICON-rectangle-300.png","width":300,"height":91,"caption":"Yara"},"logo":{"@id":"https:\/\/iconbyyara.ca\/wp-content\/uploads\/2026\/01\/Logo-ICON-rectangle-300.png"}}]}},"_links":{"self":[{"href":"https:\/\/iconbyyara.ca\/en\/wp-json\/wp\/v2\/product\/874","targetHints":{"allow":["GET"]}}],"collection":[{"href":"https:\/\/iconbyyara.ca\/en\/wp-json\/wp\/v2\/product"}],"about":[{"href":"https:\/\/iconbyyara.ca\/en\/wp-json\/wp\/v2\/types\/product"}],"replies":[{"embeddable":true,"href":"https:\/\/iconbyyara.ca\/en\/wp-json\/wp\/v2\/comments?post=874"}],"wp:featuredmedia":[{"embeddable":true,"href":"https:\/\/iconbyyara.ca\/en\/wp-json\/wp\/v2\/media\/958"}],"wp:attachment":[{"href":"https:\/\/iconbyyara.ca\/en\/wp-json\/wp\/v2\/media?parent=874"}],"wp:term":[{"taxonomy":"product_brand","embeddable":true,"href":"https:\/\/iconbyyara.ca\/en\/wp-json\/wp\/v2\/product_brand?post=874"},{"taxonomy":"product_cat","embeddable":true,"href":"https:\/\/iconbyyara.ca\/en\/wp-json\/wp\/v2\/product_cat?post=874"},{"taxonomy":"product_tag","embeddable":true,"href":"https:\/\/iconbyyara.ca\/en\/wp-json\/wp\/v2\/product_tag?post=874"}],"curies":[{"name":"wp","href":"https:\/\/api.w.org\/{rel}","templated":true}]}}