{"id":864,"date":"2026-04-06T19:09:48","date_gmt":"2026-04-06T23:09:48","guid":{"rendered":"https:\/\/iconbyyara.ca\/?post_type=product&#038;p=864"},"modified":"2026-04-12T14:27:07","modified_gmt":"2026-04-12T18:27:07","slug":"bracelet-sweet-teddy-perles-pastel-et-ourson-dore","status":"publish","type":"product","link":"https:\/\/iconbyyara.ca\/en\/product\/bracelet-sweet-teddy-perles-pastel-et-ourson-dore\/","title":{"rendered":"\u201cSweet Teddy\u201d Bracelet \u2013 Pastel Beads and Golden Teddy Bear"},"content":{"rendered":"<p>Immerse yourself in a world of softness and indulgence with this iridescent bracelet. Combining pearlescent beads in pastel shades\u2014powder pink, azure blue, and almond green\u2014this piece is a true celebration of joy. Its centerpiece, a charming little golden bear with finely crafted details, adds a playful and precious touch that is sure to bring a smile to your face.<\/p>\n<p>C&rsquo;est l&rsquo;accessoire id\u00e9al pour celles et ceux qui aiment les styles \u00ab\u00a0cute\u00a0\u00bb, color\u00e9s et pleins de vie, parfaits pour illuminer n&rsquo;importe quelle journ\u00e9e.<\/p>\n<h3>\u2728 Features<\/h3>\n<ul>\n<li>Type: Stretchy, comfortable elastic bracelet<\/li>\n<li>Colors: Pastel pink, sky blue, pearl green, pearly white, and gold<\/li>\n<li>Materials: High-luster synthetic pearls<\/li>\n<li>Breloque : Petit ours \u00ab\u00a0Teddy\u00a0\u00bb en alliage dor\u00e9 poli<\/li>\n<\/ul>\n<p>This piece of jewelry is pure joy:<\/p>\n<ul>\n<li>Look Acidul\u00e9 : Il se marie \u00e0 merveille avec des v\u00eatements pastels ou des tenues d&rsquo;\u00e9t\u00e9 color\u00e9es.<\/li>\n<li>Le Mix Fun : Porte-le en accumulation avec d&rsquo;autres bracelets \u00e0 messages ou des joncs color\u00e9s pour un style \u00ab\u00a0party\u00a0\u00bb r\u00e9ussi.<\/li>\n<li>The Perfect Gift: Its timeless and charming design makes it the perfect gift to celebrate a special occasion.<\/li>\n<\/ul>\n<p>&nbsp;<\/p>","protected":false},"excerpt":{"rendered":"<p>An irresistible bracelet in candy-colored hues, featuring an adorable little golden bear with movable joints.<\/p>\n<p>The perfect piece of jewelry to add a touch of tenderness, energy, and cheerfulness to your everyday look.<\/p>","protected":false},"featured_media":932,"comment_status":"open","ping_status":"closed","template":"","meta":[],"product_brand":[23],"product_cat":[19],"product_tag":[59,105,108,104,106,88,107],"class_list":{"0":"post-864","1":"product","2":"type-product","3":"status-publish","4":"has-post-thumbnail","6":"product_brand-icon","7":"product_cat-bracelet","8":"product_tag-accessoire-dore","9":"product_tag-bijou-pastel","10":"product_tag-bijou-tendance-enfant","11":"product_tag-bracelet-ourson","12":"product_tag-bracelet-perles-colorees","13":"product_tag-cadeau-fille","14":"product_tag-style-mignon","16":"first","17":"instock","18":"shipping-taxable","19":"purchasable","20":"product-type-simple"},"yoast_head":"<!-- This site is optimized with the Yoast SEO plugin v27.5 - https:\/\/yoast.com\/product\/yoast-seo-wordpress\/ -->\n<title>Bracelet &quot;Sweet Teddy&quot; \u2013 Perles Pastel et Ourson Dor\u00e9 - Icon<\/title>\n<meta name=\"description\" content=\"D\u00e9couvre le bracelet &quot;Ourson Dor\u00e9&quot;. Un m\u00e9lange de perles pastel et un ourson dor\u00e9 craquant pour un style joyeux.\" \/>\n<meta name=\"robots\" content=\"index, follow, max-snippet:-1, max-image-preview:large, max-video-preview:-1\" \/>\n<link rel=\"canonical\" href=\"https:\/\/iconbyyara.ca\/en\/product\/bracelet-sweet-teddy-perles-pastel-et-ourson-dore\/\" \/>\n<meta property=\"og:locale\" content=\"en_US\" \/>\n<meta property=\"og:type\" content=\"article\" \/>\n<meta property=\"og:title\" content=\"Bracelet &quot;Sweet Teddy&quot; \u2013 Perles Pastel et Ourson Dor\u00e9\" \/>\n<meta property=\"og:description\" content=\"D\u00e9couvre le bracelet &quot;Ourson Dor\u00e9&quot;. Un m\u00e9lange de perles pastel et un ourson dor\u00e9 craquant pour un style joyeux.\" \/>\n<meta property=\"og:url\" content=\"https:\/\/iconbyyara.ca\/en\/product\/bracelet-sweet-teddy-perles-pastel-et-ourson-dore\/\" \/>\n<meta property=\"og:site_name\" content=\"Icon\" \/>\n<meta property=\"article:modified_time\" content=\"2026-04-12T18:27:07+00:00\" \/>\n<meta property=\"og:image\" content=\"https:\/\/iconbyyara.ca\/wp-content\/uploads\/2026\/04\/Bracelet_Ourson-Dore_BRA-00034_01.jpg\" \/>\n\t<meta property=\"og:image:width\" content=\"1200\" \/>\n\t<meta property=\"og:image:height\" content=\"1200\" \/>\n\t<meta property=\"og:image:type\" content=\"image\/jpeg\" \/>\n<meta name=\"twitter:card\" content=\"summary_large_image\" \/>\n<meta name=\"twitter:title\" content=\"Bracelet &quot;Sweet Teddy&quot; \u2013 Perles Pastel et Ourson Dor\u00e9\" \/>\n<meta name=\"twitter:description\" content=\"D\u00e9couvre le bracelet &quot;Ourson Dor\u00e9&quot;. Un m\u00e9lange de perles pastel et un ourson dor\u00e9 craquant pour un style joyeux.\" \/>\n<meta name=\"twitter:image\" content=\"https:\/\/iconbyyara.ca\/wp-content\/uploads\/2026\/04\/Bracelet_Ourson-Dore_BRA-00034_01.jpg\" \/>\n<meta name=\"twitter:label1\" content=\"Est. reading time\" \/>\n\t<meta name=\"twitter:data1\" content=\"2 minutes\" \/>\n<script type=\"application\/ld+json\" class=\"yoast-schema-graph\">{\"@context\":\"https:\\\/\\\/schema.org\",\"@graph\":[{\"@type\":\"WebPage\",\"@id\":\"https:\\\/\\\/iconbyyara.ca\\\/produit\\\/bracelet-sweet-teddy-perles-pastel-et-ourson-dore\\\/\",\"url\":\"https:\\\/\\\/iconbyyara.ca\\\/produit\\\/bracelet-sweet-teddy-perles-pastel-et-ourson-dore\\\/\",\"name\":\"Bracelet \\\"Sweet Teddy\\\" \u2013 Perles Pastel et Ourson Dor\u00e9 - Icon\",\"isPartOf\":{\"@id\":\"https:\\\/\\\/iconbyyara.ca\\\/#website\"},\"primaryImageOfPage\":{\"@id\":\"https:\\\/\\\/iconbyyara.ca\\\/produit\\\/bracelet-sweet-teddy-perles-pastel-et-ourson-dore\\\/#primaryimage\"},\"image\":{\"@id\":\"https:\\\/\\\/iconbyyara.ca\\\/produit\\\/bracelet-sweet-teddy-perles-pastel-et-ourson-dore\\\/#primaryimage\"},\"thumbnailUrl\":\"https:\\\/\\\/iconbyyara.ca\\\/wp-content\\\/uploads\\\/2026\\\/04\\\/Bracelet_Ourson-Dore_BRA-00034_01.jpg\",\"datePublished\":\"2026-04-06T23:09:48+00:00\",\"dateModified\":\"2026-04-12T18:27:07+00:00\",\"description\":\"D\u00e9couvre le bracelet \\\"Ourson Dor\u00e9\\\". Un m\u00e9lange de perles pastel et un ourson dor\u00e9 craquant pour un style joyeux.\",\"breadcrumb\":{\"@id\":\"https:\\\/\\\/iconbyyara.ca\\\/produit\\\/bracelet-sweet-teddy-perles-pastel-et-ourson-dore\\\/#breadcrumb\"},\"inLanguage\":\"en-CA\",\"potentialAction\":[{\"@type\":\"ReadAction\",\"target\":[\"https:\\\/\\\/iconbyyara.ca\\\/produit\\\/bracelet-sweet-teddy-perles-pastel-et-ourson-dore\\\/\"]}]},{\"@type\":\"ImageObject\",\"inLanguage\":\"en-CA\",\"@id\":\"https:\\\/\\\/iconbyyara.ca\\\/produit\\\/bracelet-sweet-teddy-perles-pastel-et-ourson-dore\\\/#primaryimage\",\"url\":\"https:\\\/\\\/iconbyyara.ca\\\/wp-content\\\/uploads\\\/2026\\\/04\\\/Bracelet_Ourson-Dore_BRA-00034_01.jpg\",\"contentUrl\":\"https:\\\/\\\/iconbyyara.ca\\\/wp-content\\\/uploads\\\/2026\\\/04\\\/Bracelet_Ourson-Dore_BRA-00034_01.jpg\",\"width\":1200,\"height\":1200,\"caption\":\"Bracelet - Bijoux Fantaisie - Icon By Yara\"},{\"@type\":\"BreadcrumbList\",\"@id\":\"https:\\\/\\\/iconbyyara.ca\\\/produit\\\/bracelet-sweet-teddy-perles-pastel-et-ourson-dore\\\/#breadcrumb\",\"itemListElement\":[{\"@type\":\"ListItem\",\"position\":1,\"name\":\"Accueil\",\"item\":\"https:\\\/\\\/iconbyyara.ca\\\/\"},{\"@type\":\"ListItem\",\"position\":2,\"name\":\"Boutique\",\"item\":\"https:\\\/\\\/iconbyyara.ca\\\/boutique\\\/\"},{\"@type\":\"ListItem\",\"position\":3,\"name\":\"Bracelet \u00ab\u00a0Sweet Teddy\u00a0\u00bb \u2013 Perles Pastel et Ourson Dor\u00e9\"}]},{\"@type\":\"WebSite\",\"@id\":\"https:\\\/\\\/iconbyyara.ca\\\/#website\",\"url\":\"https:\\\/\\\/iconbyyara.ca\\\/\",\"name\":\"Icon By Yara\",\"description\":\"Bijoux pour ensoleiller votre journ\u00e9e\",\"publisher\":{\"@id\":\"https:\\\/\\\/iconbyyara.ca\\\/#\\\/schema\\\/person\\\/005e538d9999d417a1a584cb4cf135d2\"},\"potentialAction\":[{\"@type\":\"SearchAction\",\"target\":{\"@type\":\"EntryPoint\",\"urlTemplate\":\"https:\\\/\\\/iconbyyara.ca\\\/?s={search_term_string}\"},\"query-input\":{\"@type\":\"PropertyValueSpecification\",\"valueRequired\":true,\"valueName\":\"search_term_string\"}}],\"inLanguage\":\"en-CA\"},{\"@type\":[\"Person\",\"Organization\"],\"@id\":\"https:\\\/\\\/iconbyyara.ca\\\/#\\\/schema\\\/person\\\/005e538d9999d417a1a584cb4cf135d2\",\"name\":\"Yara\",\"image\":{\"@type\":\"ImageObject\",\"inLanguage\":\"en-CA\",\"@id\":\"https:\\\/\\\/iconbyyara.ca\\\/wp-content\\\/uploads\\\/2026\\\/01\\\/Logo-ICON-rectangle-300.png\",\"url\":\"https:\\\/\\\/iconbyyara.ca\\\/wp-content\\\/uploads\\\/2026\\\/01\\\/Logo-ICON-rectangle-300.png\",\"contentUrl\":\"https:\\\/\\\/iconbyyara.ca\\\/wp-content\\\/uploads\\\/2026\\\/01\\\/Logo-ICON-rectangle-300.png\",\"width\":300,\"height\":91,\"caption\":\"Yara\"},\"logo\":{\"@id\":\"https:\\\/\\\/iconbyyara.ca\\\/wp-content\\\/uploads\\\/2026\\\/01\\\/Logo-ICON-rectangle-300.png\"}}]}<\/script>\n<!-- \/ Yoast SEO plugin. -->","yoast_head_json":{"title":"Bracelet \"Sweet Teddy\" \u2013 Perles Pastel et Ourson Dor\u00e9 - Icon","description":"D\u00e9couvre le bracelet \"Ourson Dor\u00e9\". Un m\u00e9lange de perles pastel et un ourson dor\u00e9 craquant pour un style joyeux.","robots":{"index":"index","follow":"follow","max-snippet":"max-snippet:-1","max-image-preview":"max-image-preview:large","max-video-preview":"max-video-preview:-1"},"canonical":"https:\/\/iconbyyara.ca\/en\/product\/bracelet-sweet-teddy-perles-pastel-et-ourson-dore\/","og_locale":"en_US","og_type":"article","og_title":"Bracelet \"Sweet Teddy\" \u2013 Perles Pastel et Ourson Dor\u00e9","og_description":"D\u00e9couvre le bracelet \"Ourson Dor\u00e9\". Un m\u00e9lange de perles pastel et un ourson dor\u00e9 craquant pour un style joyeux.","og_url":"https:\/\/iconbyyara.ca\/en\/product\/bracelet-sweet-teddy-perles-pastel-et-ourson-dore\/","og_site_name":"Icon","article_modified_time":"2026-04-12T18:27:07+00:00","og_image":[{"width":1200,"height":1200,"url":"https:\/\/iconbyyara.ca\/wp-content\/uploads\/2026\/04\/Bracelet_Ourson-Dore_BRA-00034_01.jpg","type":"image\/jpeg"}],"twitter_card":"summary_large_image","twitter_title":"Bracelet \"Sweet Teddy\" \u2013 Perles Pastel et Ourson Dor\u00e9","twitter_description":"D\u00e9couvre le bracelet \"Ourson Dor\u00e9\". Un m\u00e9lange de perles pastel et un ourson dor\u00e9 craquant pour un style joyeux.","twitter_image":"https:\/\/iconbyyara.ca\/wp-content\/uploads\/2026\/04\/Bracelet_Ourson-Dore_BRA-00034_01.jpg","twitter_misc":{"Est. reading time":"2 minutes"},"schema":{"@context":"https:\/\/schema.org","@graph":[{"@type":"WebPage","@id":"https:\/\/iconbyyara.ca\/produit\/bracelet-sweet-teddy-perles-pastel-et-ourson-dore\/","url":"https:\/\/iconbyyara.ca\/produit\/bracelet-sweet-teddy-perles-pastel-et-ourson-dore\/","name":"Bracelet \"Sweet Teddy\" \u2013 Perles Pastel et Ourson Dor\u00e9 - Icon","isPartOf":{"@id":"https:\/\/iconbyyara.ca\/#website"},"primaryImageOfPage":{"@id":"https:\/\/iconbyyara.ca\/produit\/bracelet-sweet-teddy-perles-pastel-et-ourson-dore\/#primaryimage"},"image":{"@id":"https:\/\/iconbyyara.ca\/produit\/bracelet-sweet-teddy-perles-pastel-et-ourson-dore\/#primaryimage"},"thumbnailUrl":"https:\/\/iconbyyara.ca\/wp-content\/uploads\/2026\/04\/Bracelet_Ourson-Dore_BRA-00034_01.jpg","datePublished":"2026-04-06T23:09:48+00:00","dateModified":"2026-04-12T18:27:07+00:00","description":"D\u00e9couvre le bracelet \"Ourson Dor\u00e9\". Un m\u00e9lange de perles pastel et un ourson dor\u00e9 craquant pour un style joyeux.","breadcrumb":{"@id":"https:\/\/iconbyyara.ca\/produit\/bracelet-sweet-teddy-perles-pastel-et-ourson-dore\/#breadcrumb"},"inLanguage":"en-CA","potentialAction":[{"@type":"ReadAction","target":["https:\/\/iconbyyara.ca\/produit\/bracelet-sweet-teddy-perles-pastel-et-ourson-dore\/"]}]},{"@type":"ImageObject","inLanguage":"en-CA","@id":"https:\/\/iconbyyara.ca\/produit\/bracelet-sweet-teddy-perles-pastel-et-ourson-dore\/#primaryimage","url":"https:\/\/iconbyyara.ca\/wp-content\/uploads\/2026\/04\/Bracelet_Ourson-Dore_BRA-00034_01.jpg","contentUrl":"https:\/\/iconbyyara.ca\/wp-content\/uploads\/2026\/04\/Bracelet_Ourson-Dore_BRA-00034_01.jpg","width":1200,"height":1200,"caption":"Bracelet - Bijoux Fantaisie - Icon By Yara"},{"@type":"BreadcrumbList","@id":"https:\/\/iconbyyara.ca\/produit\/bracelet-sweet-teddy-perles-pastel-et-ourson-dore\/#breadcrumb","itemListElement":[{"@type":"ListItem","position":1,"name":"Accueil","item":"https:\/\/iconbyyara.ca\/"},{"@type":"ListItem","position":2,"name":"Boutique","item":"https:\/\/iconbyyara.ca\/boutique\/"},{"@type":"ListItem","position":3,"name":"Bracelet \u00ab\u00a0Sweet Teddy\u00a0\u00bb \u2013 Perles Pastel et Ourson Dor\u00e9"}]},{"@type":"WebSite","@id":"https:\/\/iconbyyara.ca\/#website","url":"https:\/\/iconbyyara.ca\/","name":"Icon By Yara","description":"Bijoux pour ensoleiller votre journ\u00e9e","publisher":{"@id":"https:\/\/iconbyyara.ca\/#\/schema\/person\/005e538d9999d417a1a584cb4cf135d2"},"potentialAction":[{"@type":"SearchAction","target":{"@type":"EntryPoint","urlTemplate":"https:\/\/iconbyyara.ca\/?s={search_term_string}"},"query-input":{"@type":"PropertyValueSpecification","valueRequired":true,"valueName":"search_term_string"}}],"inLanguage":"en-CA"},{"@type":["Person","Organization"],"@id":"https:\/\/iconbyyara.ca\/#\/schema\/person\/005e538d9999d417a1a584cb4cf135d2","name":"Yara","image":{"@type":"ImageObject","inLanguage":"en-CA","@id":"https:\/\/iconbyyara.ca\/wp-content\/uploads\/2026\/01\/Logo-ICON-rectangle-300.png","url":"https:\/\/iconbyyara.ca\/wp-content\/uploads\/2026\/01\/Logo-ICON-rectangle-300.png","contentUrl":"https:\/\/iconbyyara.ca\/wp-content\/uploads\/2026\/01\/Logo-ICON-rectangle-300.png","width":300,"height":91,"caption":"Yara"},"logo":{"@id":"https:\/\/iconbyyara.ca\/wp-content\/uploads\/2026\/01\/Logo-ICON-rectangle-300.png"}}]}},"_links":{"self":[{"href":"https:\/\/iconbyyara.ca\/en\/wp-json\/wp\/v2\/product\/864","targetHints":{"allow":["GET"]}}],"collection":[{"href":"https:\/\/iconbyyara.ca\/en\/wp-json\/wp\/v2\/product"}],"about":[{"href":"https:\/\/iconbyyara.ca\/en\/wp-json\/wp\/v2\/types\/product"}],"replies":[{"embeddable":true,"href":"https:\/\/iconbyyara.ca\/en\/wp-json\/wp\/v2\/comments?post=864"}],"wp:featuredmedia":[{"embeddable":true,"href":"https:\/\/iconbyyara.ca\/en\/wp-json\/wp\/v2\/media\/932"}],"wp:attachment":[{"href":"https:\/\/iconbyyara.ca\/en\/wp-json\/wp\/v2\/media?parent=864"}],"wp:term":[{"taxonomy":"product_brand","embeddable":true,"href":"https:\/\/iconbyyara.ca\/en\/wp-json\/wp\/v2\/product_brand?post=864"},{"taxonomy":"product_cat","embeddable":true,"href":"https:\/\/iconbyyara.ca\/en\/wp-json\/wp\/v2\/product_cat?post=864"},{"taxonomy":"product_tag","embeddable":true,"href":"https:\/\/iconbyyara.ca\/en\/wp-json\/wp\/v2\/product_tag?post=864"}],"curies":[{"name":"wp","href":"https:\/\/api.w.org\/{rel}","templated":true}]}}